{"id":662,"date":"2018-11-15T07:59:21","date_gmt":"2018-11-15T07:59:21","guid":{"rendered":"https:\/\/zmk-wolfen.de\/?page_id=662"},"modified":"2018-11-15T07:59:21","modified_gmt":"2018-11-15T07:59:21","slug":"qi-services","status":"publish","type":"page","link":"https:\/\/zmk-wolfen.de\/en\/qi-services\/","title":{"rendered":"QI Services"},"content":{"rendered":"<p>Mit der R\u00fcckf\u00fchrung Ihrer Messtechnik auf nationale bzw. internationale Normale durch Kalibrieren mit bekannten Messunsichterheiten sind die Grundlagen verl\u00e4sslicher, transparenter Messungen und wesentliche Elemente der Qualit\u00e4tsmanagementsysteme geschaffen.<\/p>\n<p>Damit geben wir Ihnen Sicherheit f\u00fcr die Verl\u00e4sslichkeit Ihrer Messergebnisse und schaffen die Voraussetzungen zur Erh\u00f6hung des Vertrauens Ihrer Kunden und zur Verbesserung der Wettbewerbsf\u00e4higkeit auf nationalen und internationalen M\u00e4rkten.<\/p>\n<p>Der Deutsche Kalibrierdienst (DKD) als Akkreditierungsstelle bei der Physikalisch-Technischen Bundesanstalt (PTB) &#8211; vertreten im Deutschen Akkreditierungs Rat (DAR) &#8211; ist Unterzeichner der multilateralen \u00dcbereinkommen der European co-operation for Accreditation (EA) und der Internationial Laboratory Accreditation Cooperation (ILAC) zur gegenseitigen Anerkennung der Kalibrierscheine. Unser Kalibrierlaboratorium hat eine mehr als 40j\u00e4hrige Tradition im Mess- und Kalibrierwesen. Die Innovative Entwickling metrologischer Verfahren ist ein wesentlicher Bestandteil unserer Unternehmensstrategie. Unser modernstes Equipment ist die Basis f\u00fcr unsere internationale Wettbewerbsf\u00e4higkeit. Im Jahr 2002 wurden alle bisher akkreditierten Kalibrierlaboratorien durch den DKD nach DIN EN ISO \/ IEC 17025 akkreditiert (Erstakkreditierung 1991).<\/p>\n<p>Seit 1997 ist unser Unternehmen zertifiziert nach DIN EN ISO 9001 und wurde im Jahr 2001 erfolgreich auf DIN EN ISO 9001:2000 umgestellt.<\/p>\n<p>Gesch\u00e4ftsf\u00fchrerin<br \/>\nLeiterin des DKD-Kalibrierlaboratoriums<\/p>\n","protected":false},"excerpt":{"rendered":"<p>Mit der R\u00fcckf\u00fchrung Ihrer Messtechnik auf nationale bzw. internationale Normale durch Kalibrieren mit bekannten Messunsichterheiten sind die Grundlagen verl\u00e4sslicher, transparenter Messungen und wesentliche Elemente der Qualit\u00e4tsmanagementsysteme geschaffen. Damit geben wir Ihnen Sicherheit f\u00fcr die Verl\u00e4sslichkeit Ihrer Messergebnisse und schaffen die Voraussetzungen zur Erh\u00f6hung des Vertrauens Ihrer Kunden und zur Verbesserung der Wettbewerbsf\u00e4higkeit auf nationalen und [&hellip;]<\/p>\n","protected":false},"author":2,"featured_media":0,"parent":0,"menu_order":0,"comment_status":"closed","ping_status":"closed","template":"","meta":{"footnotes":""},"class_list":["post-662","page","type-page","status-publish","hentry"],"_links":{"self":[{"href":"https:\/\/zmk-wolfen.de\/en\/wp-json\/wp\/v2\/pages\/662","targetHints":{"allow":["GET"]}}],"collection":[{"href":"https:\/\/zmk-wolfen.de\/en\/wp-json\/wp\/v2\/pages"}],"about":[{"href":"https:\/\/zmk-wolfen.de\/en\/wp-json\/wp\/v2\/types\/page"}],"author":[{"embeddable":true,"href":"https:\/\/zmk-wolfen.de\/en\/wp-json\/wp\/v2\/users\/2"}],"replies":[{"embeddable":true,"href":"https:\/\/zmk-wolfen.de\/en\/wp-json\/wp\/v2\/comments?post=662"}],"version-history":[{"count":1,"href":"https:\/\/zmk-wolfen.de\/en\/wp-json\/wp\/v2\/pages\/662\/revisions"}],"predecessor-version":[{"id":663,"href":"https:\/\/zmk-wolfen.de\/en\/wp-json\/wp\/v2\/pages\/662\/revisions\/663"}],"wp:attachment":[{"href":"https:\/\/zmk-wolfen.de\/en\/wp-json\/wp\/v2\/media?parent=662"}],"curies":[{"name":"wp","href":"https:\/\/api.w.org\/{rel}","templated":true}]}}